{"id":34,"date":"2024-02-08T07:11:32","date_gmt":"2024-02-08T07:11:32","guid":{"rendered":"https:\/\/luislopezpiano.es\/?page_id=34"},"modified":"2024-10-25T20:27:31","modified_gmt":"2024-10-25T20:27:31","slug":"discografia","status":"publish","type":"page","link":"https:\/\/luislopezpiano.es\/en\/discografia\/","title":{"rendered":"Discography"},"content":{"rendered":"<div data-elementor-type=\"wp-page\" data-elementor-id=\"34\" class=\"elementor elementor-34\" data-elementor-post-type=\"page\">\n\t\t\t\t<div class=\"elementor-element elementor-element-7372aad e-flex e-con-boxed e-con e-parent\" data-id=\"7372aad\" data-element_type=\"container\" data-settings=\"{&quot;background_background&quot;:&quot;classic&quot;}\">\n\t\t\t\t\t<div class=\"e-con-inner\">\n\t\t<div class=\"elementor-element elementor-element-f5b21b0 e-con-full e-flex e-con e-child\" data-id=\"f5b21b0\" data-element_type=\"container\">\n\t\t<div class=\"elementor-element elementor-element-e1d020c e-con-full e-flex e-con e-child\" data-id=\"e1d020c\" data-element_type=\"container\">\n\t\t\t\t<\/div>\n\t\t<div class=\"elementor-element elementor-element-c2837fa e-flex e-con-boxed e-con e-child\" data-id=\"c2837fa\" data-element_type=\"container\">\n\t\t\t\t\t<div class=\"e-con-inner\">\n\t\t<div class=\"elementor-element elementor-element-c2aebde e-flex e-con-boxed e-con e-child\" data-id=\"c2aebde\" data-element_type=\"container\">\n\t\t\t\t\t<div class=\"e-con-inner\">\n\t\t<div class=\"elementor-element elementor-element-b808817 e-con-full e-flex e-con e-child\" data-id=\"b808817\" data-element_type=\"container\">\n\t\t\t\t<div class=\"elementor-element elementor-element-cebcc16 elementor-widget__width-initial elementor-widget elementor-widget-image\" data-id=\"cebcc16\" data-element_type=\"widget\" data-widget_type=\"image.default\">\n\t\t\t\t<div class=\"elementor-widget-container\">\n\t\t\t\t\t\t\t\t\t\t\t\t\t\t\t<img fetchpriority=\"high\" decoding=\"async\" width=\"500\" height=\"398\" src=\"https:\/\/luislopezpiano.es\/wp-content\/uploads\/2024\/02\/luis-lopez-piano-clasico-espana-logo-01.png\" class=\"attachment-1536x1536 size-1536x1536 wp-image-47\" alt=\"\" srcset=\"https:\/\/luislopezpiano.es\/wp-content\/uploads\/2024\/02\/luis-lopez-piano-clasico-espana-logo-01.png 500w, https:\/\/luislopezpiano.es\/wp-content\/uploads\/2024\/02\/luis-lopez-piano-clasico-espana-logo-01-300x239.png 300w\" sizes=\"(max-width: 500px) 100vw, 500px\" \/>\t\t\t\t\t\t\t\t\t\t\t\t\t\t\t<\/div>\n\t\t\t\t<\/div>\n\t\t\t\t<\/div>\n\t\t<div class=\"elementor-element elementor-element-2aa8bcb e-con-full e-flex e-con e-child\" data-id=\"2aa8bcb\" data-element_type=\"container\">\n\t\t\t\t<div class=\"elementor-element elementor-element-e103c78 elementor-widget elementor-widget-heading\" data-id=\"e103c78\" data-element_type=\"widget\" data-widget_type=\"heading.default\">\n\t\t\t\t<div class=\"elementor-widget-container\">\n\t\t\t\t\t<h2 class=\"elementor-heading-title elementor-size-default\">DISCOGRAPHY<\/h2>\t\t\t\t<\/div>\n\t\t\t\t<\/div>\n\t\t\t\t<\/div>\n\t\t\t\t\t<\/div>\n\t\t\t\t<\/div>\n\t\t\t\t<div class=\"elementor-element elementor-element-975413a elementor-widget elementor-widget-heading\" data-id=\"975413a\" data-element_type=\"widget\" data-widget_type=\"heading.default\">\n\t\t\t\t<div class=\"elementor-widget-container\">\n\t\t\t\t\t<h2 class=\"elementor-heading-title elementor-size-default\"> \n\n<\/h2>\t\t\t\t<\/div>\n\t\t\t\t<\/div>\n\t\t\t\t\t<\/div>\n\t\t\t\t<\/div>\n\t\t\t\t<\/div>\n\t\t\t\t\t<\/div>\n\t\t\t\t<\/div>\n\t\t<div class=\"elementor-element elementor-element-5f334b6 e-flex e-con-boxed e-con e-parent\" data-id=\"5f334b6\" data-element_type=\"container\">\n\t\t\t\t\t<div class=\"e-con-inner\">\n\t\t\t\t<div class=\"elementor-element elementor-element-06ade15 elementor-widget__width-initial elementor-widget elementor-widget-heading\" data-id=\"06ade15\" data-element_type=\"widget\" data-widget_type=\"heading.default\">\n\t\t\t\t<div class=\"elementor-widget-container\">\n\t\t\t\t\t<h2 class=\"elementor-heading-title elementor-size-default\">Discover the discography of a distinguished pianist nominated for the Latin Grammy Awards. Explore a diverse collection of recordings that showcase his dedication and creativity in both classical and contemporary genres, highlighting his commitment to quality and excellence in every production.<\/h2>\t\t\t\t<\/div>\n\t\t\t\t<\/div>\n\t\t\t\t<div class=\"elementor-element elementor-element-dd0a197 elementor-grid-1 elementor-grid-tablet-2 elementor-grid-mobile-1 elementor-widget elementor-widget-loop-grid\" data-id=\"dd0a197\" data-element_type=\"widget\" data-settings=\"{&quot;template_id&quot;:370,&quot;columns&quot;:1,&quot;_skin&quot;:&quot;post&quot;,&quot;columns_tablet&quot;:&quot;2&quot;,&quot;columns_mobile&quot;:&quot;1&quot;,&quot;edit_handle_selector&quot;:&quot;[data-elementor-type=\\&quot;loop-item\\&quot;]&quot;,&quot;row_gap&quot;:{&quot;unit&quot;:&quot;px&quot;,&quot;size&quot;:&quot;&quot;,&quot;sizes&quot;:[]},&quot;row_gap_tablet&quot;:{&quot;unit&quot;:&quot;px&quot;,&quot;size&quot;:&quot;&quot;,&quot;sizes&quot;:[]},&quot;row_gap_mobile&quot;:{&quot;unit&quot;:&quot;px&quot;,&quot;size&quot;:&quot;&quot;,&quot;sizes&quot;:[]}}\" data-widget_type=\"loop-grid.post\">\n\t\t\t\t<div class=\"elementor-widget-container\">\n\t\t\t\t\t\t\t<div class=\"elementor-loop-container elementor-grid\" role=\"list\">\n\t\t<style id=\"loop-370\">.elementor-370 .elementor-element.elementor-element-e80c793{--display:flex;--flex-direction:row;--container-widget-width:initial;--container-widget-height:100%;--container-widget-flex-grow:1;--container-widget-align-self:stretch;--flex-wrap-mobile:wrap;--gap:5px 5px;--row-gap:5px;--column-gap:5px;}.elementor-370 .elementor-element.elementor-element-750778e{--display:flex;}.elementor-widget-image .widget-image-caption{color:var( --e-global-color-text );font-family:var( --e-global-typography-text-font-family ), Sans-serif;font-weight:var( --e-global-typography-text-font-weight );}.elementor-370 .elementor-element.elementor-element-6263f3a{--display:flex;--justify-content:flex-end;--gap:20px 20px;--row-gap:20px;--column-gap:20px;}.elementor-widget-heading .elementor-heading-title{font-family:var( --e-global-typography-primary-font-family ), Sans-serif;font-weight:var( --e-global-typography-primary-font-weight );color:var( --e-global-color-primary );}.elementor-370 .elementor-element.elementor-element-ae9dc7b .elementor-heading-title{font-family:\"Barlow Condensed\", Sans-serif;font-size:35px;font-weight:400;color:var( --e-global-color-d3c0707 );}.elementor-370 .elementor-element.elementor-element-19d2252 .elementor-heading-title{font-family:\"Barlow Condensed\", Sans-serif;font-size:18px;font-weight:400;color:var( --e-global-color-d3c0707 );}.elementor-370 .elementor-element.elementor-element-8dcda57 .elementor-heading-title{font-family:\"Barlow Condensed\", Sans-serif;font-size:18px;font-weight:400;color:var( --e-global-color-7b5c543 );}.elementor-370 .elementor-element.elementor-element-7765c98 .elementor-heading-title{font-family:\"Barlow Condensed\", Sans-serif;font-size:18px;font-weight:400;color:var( --e-global-color-d3c0707 );}.elementor-widget-button .elementor-button{background-color:var( --e-global-color-accent );font-family:var( --e-global-typography-accent-font-family ), Sans-serif;font-weight:var( --e-global-typography-accent-font-weight );}.elementor-370 .elementor-element.elementor-element-8624a0d .elementor-button{background-color:var( --e-global-color-text );font-family:\"Playfair Display\", Sans-serif;font-size:16px;font-weight:500;font-style:italic;fill:var( --e-global-color-d3c0707 );color:var( --e-global-color-d3c0707 );box-shadow:0px 0px 10px 0px rgba(0,0,0,0.5);border-radius:1px 1px 1px 1px;}.elementor-370 .elementor-element.elementor-element-8624a0d .elementor-button:hover, .elementor-370 .elementor-element.elementor-element-8624a0d .elementor-button:focus{background-color:var( --e-global-color-d9b3ac1 );color:var( --e-global-color-d3c0707 );}.elementor-370 .elementor-element.elementor-element-8624a0d .elementor-button:hover svg, .elementor-370 .elementor-element.elementor-element-8624a0d .elementor-button:focus svg{fill:var( --e-global-color-d3c0707 );}<\/style>\t\t<div data-elementor-type=\"loop-item\" data-elementor-id=\"370\" class=\"elementor elementor-370 e-loop-item e-loop-item-322 post-322 post type-post status-publish format-standard has-post-thumbnail hentry category-discography\" data-elementor-post-type=\"elementor_library\" data-custom-edit-handle=\"1\">\n\t\t\t<div class=\"elementor-element elementor-element-e80c793 e-flex e-con-boxed e-con e-parent\" data-id=\"e80c793\" data-element_type=\"container\">\n\t\t\t\t\t<div class=\"e-con-inner\">\n\t\t<div class=\"elementor-element elementor-element-750778e e-con-full e-flex e-con e-child\" data-id=\"750778e\" data-element_type=\"container\">\n\t\t\t\t<div class=\"elementor-element elementor-element-7f98a6d elementor-widget elementor-widget-image\" data-id=\"7f98a6d\" data-element_type=\"widget\" data-widget_type=\"image.default\">\n\t\t\t\t<div class=\"elementor-widget-container\">\n\t\t\t\t\t\t\t\t\t\t\t\t\t\t\t<img decoding=\"async\" width=\"1000\" height=\"1000\" src=\"https:\/\/luislopezpiano.es\/wp-content\/uploads\/2024\/06\/luis-lopez-piano-clasico-espana-Discografia-Albeniz-Granados-Piano-Works-01.jpg\" class=\"attachment-large size-large wp-image-323\" alt=\"\" srcset=\"https:\/\/luislopezpiano.es\/wp-content\/uploads\/2024\/06\/luis-lopez-piano-clasico-espana-Discografia-Albeniz-Granados-Piano-Works-01.jpg 1000w, https:\/\/luislopezpiano.es\/wp-content\/uploads\/2024\/06\/luis-lopez-piano-clasico-espana-Discografia-Albeniz-Granados-Piano-Works-01-300x300.jpg 300w, https:\/\/luislopezpiano.es\/wp-content\/uploads\/2024\/06\/luis-lopez-piano-clasico-espana-Discografia-Albeniz-Granados-Piano-Works-01-150x150.jpg 150w, https:\/\/luislopezpiano.es\/wp-content\/uploads\/2024\/06\/luis-lopez-piano-clasico-espana-Discografia-Albeniz-Granados-Piano-Works-01-768x768.jpg 768w\" sizes=\"(max-width: 1000px) 100vw, 1000px\" \/>\t\t\t\t\t\t\t\t\t\t\t\t\t\t\t<\/div>\n\t\t\t\t<\/div>\n\t\t\t\t<\/div>\n\t\t<div class=\"elementor-element elementor-element-6263f3a e-con-full e-flex e-con e-child\" data-id=\"6263f3a\" data-element_type=\"container\">\n\t\t\t\t<div class=\"elementor-element elementor-element-ae9dc7b elementor-widget elementor-widget-heading\" data-id=\"ae9dc7b\" data-element_type=\"widget\" data-widget_type=\"heading.default\">\n\t\t\t\t<div class=\"elementor-widget-container\">\n\t\t\t\t\t<h2 class=\"elementor-heading-title elementor-size-default\">ALB\u00c9NIZ &amp; GRANADOS Piano Works<\/h2>\t\t\t\t<\/div>\n\t\t\t\t<\/div>\n\t\t\t\t<div class=\"elementor-element elementor-element-19d2252 elementor-widget elementor-widget-heading\" data-id=\"19d2252\" data-element_type=\"widget\" data-widget_type=\"heading.default\">\n\t\t\t\t<div class=\"elementor-widget-container\">\n\t\t\t\t\t<h2 class=\"elementor-heading-title elementor-size-default\">Un di\u00e1logo Alb\u00e9niz-Granados, que Luis L\u00f3pez conduce con habilidad y que nos acerca de un modo cuidadoso, como una m\u00fasica de fondo, a veces, tan tenue, imperceptible, una lengua donde acaban las lenguas y, quiz\u00e1 por eso, nos hace libres.<\/h2>\t\t\t\t<\/div>\n\t\t\t\t<\/div>\n\t\t\t\t<div class=\"elementor-element elementor-element-8dcda57 elementor-widget elementor-widget-heading\" data-id=\"8dcda57\" data-element_type=\"widget\" data-widget_type=\"heading.default\">\n\t\t\t\t<div class=\"elementor-widget-container\">\n\t\t\t\t\t<h2 class=\"elementor-heading-title elementor-size-default\">An Alb\u00e9niz-Granados dialogue, skillfully guided by Luis L\u00f3pez, which he approaches with care, like background music, sometimes so faint, imperceptible, a language where languages end, and perhaps for that reason, it sets us free.<\/h2>\t\t\t\t<\/div>\n\t\t\t\t<\/div>\n\t\t\t\t<div class=\"elementor-element elementor-element-8624a0d elementor-widget elementor-widget-button\" data-id=\"8624a0d\" data-element_type=\"widget\" data-widget_type=\"button.default\">\n\t\t\t\t<div class=\"elementor-widget-container\">\n\t\t\t\t\t\t\t\t\t<div class=\"elementor-button-wrapper\">\n\t\t\t\t\t<a class=\"elementor-button elementor-button-link elementor-size-sm elementor-animation-grow\" href=\"https:\/\/luislopezpiano.es\/en\/albeniz-granados-piano-works\/\">\n\t\t\t\t\t\t<span class=\"elementor-button-content-wrapper\">\n\t\t\t\t\t\t\t\t\t<span class=\"elementor-button-text\">more...<\/span>\n\t\t\t\t\t<\/span>\n\t\t\t\t\t<\/a>\n\t\t\t\t<\/div>\n\t\t\t\t\t\t\t\t<\/div>\n\t\t\t\t<\/div>\n\t\t\t\t<\/div>\n\t\t\t\t\t<\/div>\n\t\t\t\t<\/div>\n\t\t\t\t<\/div>\n\t\t\t\t<\/div>\n\t\t\n\t\t\t\t\t\t<\/div>\n\t\t\t\t<\/div>\n\t\t\t\t\t<\/div>\n\t\t\t\t<\/div>\n\t\t\t\t<\/div>","protected":false},"excerpt":{"rendered":"<p>DISCOGRAF\u00cdA Descubre la discograf\u00eda de un destacado pianista nominado a los premios Latin Grammy. Explora una variada colecci\u00f3n de grabaciones que muestran su dedicaci\u00f3n y creatividad en g\u00e9neros cl\u00e1sicos y contempor\u00e1neos, destacando su compromiso con la calidad y la excelencia en cada producci\u00f3n.<\/p>","protected":false},"author":1,"featured_media":82,"parent":0,"menu_order":0,"comment_status":"closed","ping_status":"closed","template":"elementor_canvas","meta":{"_acf_changed":false,"footnotes":""},"class_list":["post-34","page","type-page","status-publish","has-post-thumbnail","hentry"],"acf":[],"yoast_head":"<!-- This site is optimized with the Yoast SEO plugin v26.3 - https:\/\/yoast.com\/wordpress\/plugins\/seo\/ -->\n<title>Discograf\u00eda - Luis L\u00f3pez<\/title>\n<meta name=\"robots\" content=\"index, follow, max-snippet:-1, max-image-preview:large, max-video-preview:-1\" \/>\n<link rel=\"canonical\" href=\"https:\/\/luislopezpiano.es\/en\/discografia\/\" \/>\n<meta property=\"og:locale\" content=\"en_GB\" \/>\n<meta property=\"og:type\" content=\"article\" \/>\n<meta property=\"og:title\" content=\"Discograf\u00eda - Luis L\u00f3pez\" \/>\n<meta property=\"og:description\" content=\"DISCOGRAF\u00cdA Descubre la discograf\u00eda de un destacado pianista nominado a los premios Latin Grammy. Explora una variada colecci\u00f3n de grabaciones que muestran su dedicaci\u00f3n y creatividad en g\u00e9neros cl\u00e1sicos y contempor\u00e1neos, destacando su compromiso con la calidad y la excelencia en cada producci\u00f3n.\" \/>\n<meta property=\"og:url\" content=\"https:\/\/luislopezpiano.es\/en\/discografia\/\" \/>\n<meta property=\"og:site_name\" content=\"Luis L\u00f3pez\" \/>\n<meta property=\"article:modified_time\" content=\"2024-10-25T20:27:31+00:00\" \/>\n<meta property=\"og:image\" content=\"https:\/\/luislopezpiano.es\/wp-content\/uploads\/2024\/03\/luis-lopez-piano-clasico-espana-Slides-Discografia-01.jpg\" \/>\n\t<meta property=\"og:image:width\" content=\"2000\" \/>\n\t<meta property=\"og:image:height\" content=\"750\" \/>\n\t<meta property=\"og:image:type\" content=\"image\/jpeg\" \/>\n<meta name=\"twitter:card\" content=\"summary_large_image\" \/>\n<script type=\"application\/ld+json\" class=\"yoast-schema-graph\">{\"@context\":\"https:\/\/schema.org\",\"@graph\":[{\"@type\":\"WebPage\",\"@id\":\"https:\/\/luislopezpiano.es\/discografia\/\",\"url\":\"https:\/\/luislopezpiano.es\/discografia\/\",\"name\":\"Discograf\u00eda - Luis L\u00f3pez\",\"isPartOf\":{\"@id\":\"https:\/\/luislopezpiano.es\/#website\"},\"primaryImageOfPage\":{\"@id\":\"https:\/\/luislopezpiano.es\/discografia\/#primaryimage\"},\"image\":{\"@id\":\"https:\/\/luislopezpiano.es\/discografia\/#primaryimage\"},\"thumbnailUrl\":\"https:\/\/luislopezpiano.es\/wp-content\/uploads\/2024\/03\/luis-lopez-piano-clasico-espana-Slides-Discografia-01.jpg\",\"datePublished\":\"2024-02-08T07:11:32+00:00\",\"dateModified\":\"2024-10-25T20:27:31+00:00\",\"breadcrumb\":{\"@id\":\"https:\/\/luislopezpiano.es\/discografia\/#breadcrumb\"},\"inLanguage\":\"en-GB\",\"potentialAction\":[{\"@type\":\"ReadAction\",\"target\":[\"https:\/\/luislopezpiano.es\/discografia\/\"]}]},{\"@type\":\"ImageObject\",\"inLanguage\":\"en-GB\",\"@id\":\"https:\/\/luislopezpiano.es\/discografia\/#primaryimage\",\"url\":\"https:\/\/luislopezpiano.es\/wp-content\/uploads\/2024\/03\/luis-lopez-piano-clasico-espana-Slides-Discografia-01.jpg\",\"contentUrl\":\"https:\/\/luislopezpiano.es\/wp-content\/uploads\/2024\/03\/luis-lopez-piano-clasico-espana-Slides-Discografia-01.jpg\",\"width\":2000,\"height\":750},{\"@type\":\"BreadcrumbList\",\"@id\":\"https:\/\/luislopezpiano.es\/discografia\/#breadcrumb\",\"itemListElement\":[{\"@type\":\"ListItem\",\"position\":1,\"name\":\"Portada\",\"item\":\"https:\/\/luislopezpiano.es\/\"},{\"@type\":\"ListItem\",\"position\":2,\"name\":\"Discograf\u00eda\"}]},{\"@type\":\"WebSite\",\"@id\":\"https:\/\/luislopezpiano.es\/#website\",\"url\":\"https:\/\/luislopezpiano.es\/\",\"name\":\"Luis L\u00f3pez\",\"description\":\"\",\"publisher\":{\"@id\":\"https:\/\/luislopezpiano.es\/#organization\"},\"potentialAction\":[{\"@type\":\"SearchAction\",\"target\":{\"@type\":\"EntryPoint\",\"urlTemplate\":\"https:\/\/luislopezpiano.es\/?s={search_term_string}\"},\"query-input\":{\"@type\":\"PropertyValueSpecification\",\"valueRequired\":true,\"valueName\":\"search_term_string\"}}],\"inLanguage\":\"en-GB\"},{\"@type\":\"Organization\",\"@id\":\"https:\/\/luislopezpiano.es\/#organization\",\"name\":\"Luis L\u00f3pez\",\"url\":\"https:\/\/luislopezpiano.es\/\",\"logo\":{\"@type\":\"ImageObject\",\"inLanguage\":\"en-GB\",\"@id\":\"https:\/\/luislopezpiano.es\/#\/schema\/logo\/image\/\",\"url\":\"https:\/\/luislopezpiano.es\/wp-content\/uploads\/2024\/08\/cropped-cropped-cropped-LOGO-1.jpg\",\"contentUrl\":\"https:\/\/luislopezpiano.es\/wp-content\/uploads\/2024\/08\/cropped-cropped-cropped-LOGO-1.jpg\",\"width\":512,\"height\":512,\"caption\":\"Luis L\u00f3pez\"},\"image\":{\"@id\":\"https:\/\/luislopezpiano.es\/#\/schema\/logo\/image\/\"}}]}<\/script>\n<!-- \/ Yoast SEO plugin. -->","yoast_head_json":{"title":"Discograf\u00eda - Luis L\u00f3pez","robots":{"index":"index","follow":"follow","max-snippet":"max-snippet:-1","max-image-preview":"max-image-preview:large","max-video-preview":"max-video-preview:-1"},"canonical":"https:\/\/luislopezpiano.es\/en\/discografia\/","og_locale":"en_GB","og_type":"article","og_title":"Discograf\u00eda - Luis L\u00f3pez","og_description":"DISCOGRAF\u00cdA Descubre la discograf\u00eda de un destacado pianista nominado a los premios Latin Grammy. Explora una variada colecci\u00f3n de grabaciones que muestran su dedicaci\u00f3n y creatividad en g\u00e9neros cl\u00e1sicos y contempor\u00e1neos, destacando su compromiso con la calidad y la excelencia en cada producci\u00f3n.","og_url":"https:\/\/luislopezpiano.es\/en\/discografia\/","og_site_name":"Luis L\u00f3pez","article_modified_time":"2024-10-25T20:27:31+00:00","og_image":[{"width":2000,"height":750,"url":"https:\/\/luislopezpiano.es\/wp-content\/uploads\/2024\/03\/luis-lopez-piano-clasico-espana-Slides-Discografia-01.jpg","type":"image\/jpeg"}],"twitter_card":"summary_large_image","schema":{"@context":"https:\/\/schema.org","@graph":[{"@type":"WebPage","@id":"https:\/\/luislopezpiano.es\/discografia\/","url":"https:\/\/luislopezpiano.es\/discografia\/","name":"Discograf\u00eda - Luis L\u00f3pez","isPartOf":{"@id":"https:\/\/luislopezpiano.es\/#website"},"primaryImageOfPage":{"@id":"https:\/\/luislopezpiano.es\/discografia\/#primaryimage"},"image":{"@id":"https:\/\/luislopezpiano.es\/discografia\/#primaryimage"},"thumbnailUrl":"https:\/\/luislopezpiano.es\/wp-content\/uploads\/2024\/03\/luis-lopez-piano-clasico-espana-Slides-Discografia-01.jpg","datePublished":"2024-02-08T07:11:32+00:00","dateModified":"2024-10-25T20:27:31+00:00","breadcrumb":{"@id":"https:\/\/luislopezpiano.es\/discografia\/#breadcrumb"},"inLanguage":"en-GB","potentialAction":[{"@type":"ReadAction","target":["https:\/\/luislopezpiano.es\/discografia\/"]}]},{"@type":"ImageObject","inLanguage":"en-GB","@id":"https:\/\/luislopezpiano.es\/discografia\/#primaryimage","url":"https:\/\/luislopezpiano.es\/wp-content\/uploads\/2024\/03\/luis-lopez-piano-clasico-espana-Slides-Discografia-01.jpg","contentUrl":"https:\/\/luislopezpiano.es\/wp-content\/uploads\/2024\/03\/luis-lopez-piano-clasico-espana-Slides-Discografia-01.jpg","width":2000,"height":750},{"@type":"BreadcrumbList","@id":"https:\/\/luislopezpiano.es\/discografia\/#breadcrumb","itemListElement":[{"@type":"ListItem","position":1,"name":"Portada","item":"https:\/\/luislopezpiano.es\/"},{"@type":"ListItem","position":2,"name":"Discograf\u00eda"}]},{"@type":"WebSite","@id":"https:\/\/luislopezpiano.es\/#website","url":"https:\/\/luislopezpiano.es\/","name":"Luis L\u00f3pez","description":"","publisher":{"@id":"https:\/\/luislopezpiano.es\/#organization"},"potentialAction":[{"@type":"SearchAction","target":{"@type":"EntryPoint","urlTemplate":"https:\/\/luislopezpiano.es\/?s={search_term_string}"},"query-input":{"@type":"PropertyValueSpecification","valueRequired":true,"valueName":"search_term_string"}}],"inLanguage":"en-GB"},{"@type":"Organization","@id":"https:\/\/luislopezpiano.es\/#organization","name":"Luis L\u00f3pez","url":"https:\/\/luislopezpiano.es\/","logo":{"@type":"ImageObject","inLanguage":"en-GB","@id":"https:\/\/luislopezpiano.es\/#\/schema\/logo\/image\/","url":"https:\/\/luislopezpiano.es\/wp-content\/uploads\/2024\/08\/cropped-cropped-cropped-LOGO-1.jpg","contentUrl":"https:\/\/luislopezpiano.es\/wp-content\/uploads\/2024\/08\/cropped-cropped-cropped-LOGO-1.jpg","width":512,"height":512,"caption":"Luis L\u00f3pez"},"image":{"@id":"https:\/\/luislopezpiano.es\/#\/schema\/logo\/image\/"}}]}},"_links":{"self":[{"href":"https:\/\/luislopezpiano.es\/en\/wp-json\/wp\/v2\/pages\/34","targetHints":{"allow":["GET"]}}],"collection":[{"href":"https:\/\/luislopezpiano.es\/en\/wp-json\/wp\/v2\/pages"}],"about":[{"href":"https:\/\/luislopezpiano.es\/en\/wp-json\/wp\/v2\/types\/page"}],"author":[{"embeddable":true,"href":"https:\/\/luislopezpiano.es\/en\/wp-json\/wp\/v2\/users\/1"}],"replies":[{"embeddable":true,"href":"https:\/\/luislopezpiano.es\/en\/wp-json\/wp\/v2\/comments?post=34"}],"version-history":[{"count":48,"href":"https:\/\/luislopezpiano.es\/en\/wp-json\/wp\/v2\/pages\/34\/revisions"}],"predecessor-version":[{"id":826,"href":"https:\/\/luislopezpiano.es\/en\/wp-json\/wp\/v2\/pages\/34\/revisions\/826"}],"wp:featuredmedia":[{"embeddable":true,"href":"https:\/\/luislopezpiano.es\/en\/wp-json\/wp\/v2\/media\/82"}],"wp:attachment":[{"href":"https:\/\/luislopezpiano.es\/en\/wp-json\/wp\/v2\/media?parent=34"}],"curies":[{"name":"wp","href":"https:\/\/api.w.org\/{rel}","templated":true}]}}