{"id":17,"date":"2024-02-08T06:51:32","date_gmt":"2024-02-08T06:51:32","guid":{"rendered":"https:\/\/luislopezpiano.es\/?page_id=17"},"modified":"2025-05-17T12:20:34","modified_gmt":"2025-05-17T12:20:34","slug":"bio","status":"publish","type":"page","link":"https:\/\/luislopezpiano.es\/en\/bio\/","title":{"rendered":"BIO"},"content":{"rendered":"<div data-elementor-type=\"wp-page\" data-elementor-id=\"17\" class=\"elementor elementor-17\" data-elementor-post-type=\"page\">\n\t\t\t\t<main class=\"elementor-element elementor-element-2735885 e-flex e-con-boxed e-con e-parent\" data-id=\"2735885\" data-element_type=\"container\">\n\t\t\t\t\t<div class=\"e-con-inner\">\n\t\t<div class=\"elementor-element elementor-element-176d0f3 e-flex e-con-boxed e-con e-child\" data-id=\"176d0f3\" data-element_type=\"container\">\n\t\t\t\t\t<div class=\"e-con-inner\">\n\t\t<div class=\"elementor-element elementor-element-0d70592 e-con-full e-flex e-con e-child\" data-id=\"0d70592\" data-element_type=\"container\">\n\t\t\t\t<div class=\"elementor-element elementor-element-04f2fb9 elementor-widget elementor-widget-image\" data-id=\"04f2fb9\" data-element_type=\"widget\" data-widget_type=\"image.default\">\n\t\t\t\t<div class=\"elementor-widget-container\">\n\t\t\t\t\t\t\t\t\t\t\t\t\t\t\t<img fetchpriority=\"high\" decoding=\"async\" width=\"682\" height=\"1024\" src=\"https:\/\/luislopezpiano.es\/wp-content\/uploads\/2024\/05\/luis-lopez-piano-clasico-espana-Slides-01-682x1024.jpg\" class=\"attachment-large size-large wp-image-199\" alt=\"\" srcset=\"https:\/\/luislopezpiano.es\/wp-content\/uploads\/2024\/05\/luis-lopez-piano-clasico-espana-Slides-01-682x1024.jpg 682w, https:\/\/luislopezpiano.es\/wp-content\/uploads\/2024\/05\/luis-lopez-piano-clasico-espana-Slides-01-200x300.jpg 200w, https:\/\/luislopezpiano.es\/wp-content\/uploads\/2024\/05\/luis-lopez-piano-clasico-espana-Slides-01-768x1152.jpg 768w, https:\/\/luislopezpiano.es\/wp-content\/uploads\/2024\/05\/luis-lopez-piano-clasico-espana-Slides-01-1024x1536.jpg 1024w, https:\/\/luislopezpiano.es\/wp-content\/uploads\/2024\/05\/luis-lopez-piano-clasico-espana-Slides-01.jpg 1333w\" sizes=\"(max-width: 682px) 100vw, 682px\" \/>\t\t\t\t\t\t\t\t\t\t\t\t\t\t\t<\/div>\n\t\t\t\t<\/div>\n\t\t\t\t<div class=\"elementor-element elementor-element-20606df elementor-widget elementor-widget-image\" data-id=\"20606df\" data-element_type=\"widget\" data-widget_type=\"image.default\">\n\t\t\t\t<div class=\"elementor-widget-container\">\n\t\t\t\t\t\t\t\t\t\t\t\t\t\t\t<img decoding=\"async\" width=\"683\" height=\"1024\" src=\"https:\/\/luislopezpiano.es\/wp-content\/uploads\/2024\/05\/luis-lopez-piano-clasico-espana-Resources-01-683x1024.jpg\" class=\"attachment-large size-large wp-image-219\" alt=\"\" srcset=\"https:\/\/luislopezpiano.es\/wp-content\/uploads\/2024\/05\/luis-lopez-piano-clasico-espana-Resources-01-683x1024.jpg 683w, https:\/\/luislopezpiano.es\/wp-content\/uploads\/2024\/05\/luis-lopez-piano-clasico-espana-Resources-01-200x300.jpg 200w, https:\/\/luislopezpiano.es\/wp-content\/uploads\/2024\/05\/luis-lopez-piano-clasico-espana-Resources-01-768x1152.jpg 768w, https:\/\/luislopezpiano.es\/wp-content\/uploads\/2024\/05\/luis-lopez-piano-clasico-espana-Resources-01.jpg 1000w\" sizes=\"(max-width: 683px) 100vw, 683px\" \/>\t\t\t\t\t\t\t\t\t\t\t\t\t\t\t<\/div>\n\t\t\t\t<\/div>\n\t\t\t\t<\/div>\n\t\t<div class=\"elementor-element elementor-element-2eddef2 e-con-full e-flex e-con e-child\" data-id=\"2eddef2\" data-element_type=\"container\">\n\t\t<div class=\"elementor-element elementor-element-169d524 e-flex e-con-boxed e-con e-child\" data-id=\"169d524\" data-element_type=\"container\">\n\t\t\t\t\t<div class=\"e-con-inner\">\n\t\t<div class=\"elementor-element elementor-element-1d2444f e-con-full e-flex e-con e-child\" data-id=\"1d2444f\" data-element_type=\"container\">\n\t\t\t\t<div class=\"elementor-element elementor-element-96e4449 elementor-widget__width-initial elementor-widget elementor-widget-image\" data-id=\"96e4449\" data-element_type=\"widget\" data-widget_type=\"image.default\">\n\t\t\t\t<div class=\"elementor-widget-container\">\n\t\t\t\t\t\t\t\t\t\t\t\t\t\t\t<img decoding=\"async\" width=\"500\" height=\"398\" src=\"https:\/\/luislopezpiano.es\/wp-content\/uploads\/2024\/02\/luis-lopez-piano-clasico-espana-logo-01.png\" class=\"attachment-1536x1536 size-1536x1536 wp-image-47\" alt=\"\" srcset=\"https:\/\/luislopezpiano.es\/wp-content\/uploads\/2024\/02\/luis-lopez-piano-clasico-espana-logo-01.png 500w, https:\/\/luislopezpiano.es\/wp-content\/uploads\/2024\/02\/luis-lopez-piano-clasico-espana-logo-01-300x239.png 300w\" sizes=\"(max-width: 500px) 100vw, 500px\" \/>\t\t\t\t\t\t\t\t\t\t\t\t\t\t\t<\/div>\n\t\t\t\t<\/div>\n\t\t\t\t<\/div>\n\t\t\t\t<div class=\"elementor-element elementor-element-ff3f734 elementor-widget elementor-widget-heading\" data-id=\"ff3f734\" data-element_type=\"widget\" data-widget_type=\"heading.default\">\n\t\t\t\t<div class=\"elementor-widget-container\">\n\t\t\t\t\t<h2 class=\"elementor-heading-title elementor-size-default\">BIO<\/h2>\t\t\t\t<\/div>\n\t\t\t\t<\/div>\n\t\t\t\t\t<\/div>\n\t\t\t\t<\/div>\n\t\t\t\t<div class=\"elementor-element elementor-element-0258e0a elementor-widget elementor-widget-text-editor\" data-id=\"0258e0a\" data-element_type=\"widget\" data-widget_type=\"text-editor.default\">\n\t\t\t\t<div class=\"elementor-widget-container\">\n\t\t\t\t\t\t\t\t\t<p>Luis L\u00f3pez, born in Santa Cruz de Tenerife in 1996, studied piano at the Conservatorio Superior de M\u00fasica de Canarias. He continued his piano training with Piotr Szychowski and studied chamber music with Michal Francuz at the Ignacy Jan Paderewski Academy of Music in Poznan, Poland, where he completed his Master's studies with Distinction<\/p><p>Ha recibido clases magistrales con destacados pianistas como Mar\u00eda Joao Pires, Guillermo Gonz\u00e1lez, Gustavo D\u00edaz Jerez, Iv\u00e1n Mart\u00edn, Roberta Bambace, Wolfgang Wagenh\u00e4user, Massimiliano Mainolfi y Teruyuki Okada. Como solista, ha interpretado diversos conciertos de piano bajo la direcci\u00f3n de directores como Mario Lamberto, Jos\u00e9 Mar\u00eda Vicente, David Gonz\u00e1lez, Mauro Fari\u00f1a, entre otros. L\u00f3pez ha actuado en diversas salas de Europa, Estados Unidos y Jap\u00f3n, incluyendo el Instituto Cervantes de Tokio (Jap\u00f3n), Hachinohe Concert Hall (Jap\u00f3n), Palazzo Taffini (Italia), Aula Nova (Poznan, Polonia) y la Universidad Vytautas Magnus (Lituania). Adem\u00e1s, ha participado en festivales de m\u00fasica como los\u00a0Sunday Concert Recitals\u00a0en Manhattan, Nueva York;\u00a08\u00ba Memorial Halina Czerny-Stefa\u0144ska\u00a0en Jap\u00f3n;\u00a0European Music Festival\u00a0en Hagen, Alemania;\u00a0Bechstein Piano Recital Series\u00a0en Reino Unido;\u00a0Festival Pian\u00edstico di Primavera\u00a0en Cuneo, Italia, entre otros.<\/p><p>L\u00f3pez has worked as a trainee professor in the piano and chamber music department at the G. Verdi Conservatory of Music in Turin, Italy. In addition to his career as a performer and academic studies, he has completed a Master\u2019s in Cultural and Creative Industries Management at the Universidad Europea Miguel de Cervantes.<\/p><p>Throughout his career, L\u00f3pez has received several honors in his studies, earning High Distinction in both chamber music and solo piano. He has also received international recognition, including a Latin GRAMMY nomination for Best Classical Album in 2023, an Honorable Mention at the International Instrumental Performance Competition in \u0141\u00f3d\u017a, Third Prize at the OPUS 2021 International Music Competition in Krak\u00f3w, Second Prize at the 14th Luigi Cerritelli International Music Competition in Milan, Italy, and an Honorable Mention at the Malopolska International Music Competition \u2013 Society for the Promotion of Young Artists in Krak\u00f3w.<\/p>\t\t\t\t\t\t\t\t<\/div>\n\t\t\t\t<\/div>\n\t\t\t\t<div class=\"elementor-element elementor-element-59baed4 elementor-widget elementor-widget-heading\" data-id=\"59baed4\" data-element_type=\"widget\" data-widget_type=\"heading.default\">\n\t\t\t\t<div class=\"elementor-widget-container\">\n\t\t\t\t\t<h2 class=\"elementor-heading-title elementor-size-default\">He has been recognized by various juries, who have published multiple reviews of his performance\n\n<\/h2>\t\t\t\t<\/div>\n\t\t\t\t<\/div>\n\t\t<div class=\"elementor-element elementor-element-52ca021 e-flex e-con-boxed e-con e-child\" data-id=\"52ca021\" data-element_type=\"container\">\n\t\t\t\t\t<div class=\"e-con-inner\">\n\t\t\t\t<div class=\"elementor-element elementor-element-b55b757 elementor-widget elementor-widget-testimonial\" data-id=\"b55b757\" data-element_type=\"widget\" data-widget_type=\"testimonial.default\">\n\t\t\t\t<div class=\"elementor-widget-container\">\n\t\t\t\t\t\t\t<div class=\"elementor-testimonial-wrapper\">\n\t\t\t\t\t\t\t<div class=\"elementor-testimonial-content\">He presents a program with great interpretative elegance and remarkable control.<\/div>\n\t\t\t\n\t\t\t\t\t\t<div class=\"elementor-testimonial-meta\">\n\t\t\t\t<div class=\"elementor-testimonial-meta-inner\">\n\t\t\t\t\t\n\t\t\t\t\t\t\t\t\t\t<div class=\"elementor-testimonial-details\">\n\t\t\t\t\t\t\t\t\t\t\t\t\t\t<div class=\"elementor-testimonial-name\">Riccardo Marini<\/div>\n\t\t\t\t\t\t\t\t\t\t\t\t\t\t\t\t\t\t\t<\/div>\n\t\t\t\t\t\t\t\t\t<\/div>\n\t\t\t<\/div>\n\t\t\t\t\t<\/div>\n\t\t\t\t\t\t<\/div>\n\t\t\t\t<\/div>\n\t\t\t\t<div class=\"elementor-element elementor-element-4128f54 elementor-widget elementor-widget-testimonial\" data-id=\"4128f54\" data-element_type=\"widget\" data-widget_type=\"testimonial.default\">\n\t\t\t\t<div class=\"elementor-widget-container\">\n\t\t\t\t\t\t\t<div class=\"elementor-testimonial-wrapper\">\n\t\t\t\t\t\t\t<div class=\"elementor-testimonial-content\">He is a highly accomplished pianist with a strong personality <\/div>\n\t\t\t\n\t\t\t\t\t\t<div class=\"elementor-testimonial-meta\">\n\t\t\t\t<div class=\"elementor-testimonial-meta-inner\">\n\t\t\t\t\t\n\t\t\t\t\t\t\t\t\t\t<div class=\"elementor-testimonial-details\">\n\t\t\t\t\t\t\t\t\t\t\t\t\t\t<div class=\"elementor-testimonial-name\">Juan David Molano<\/div>\n\t\t\t\t\t\t\t\t\t\t\t\t\t\t\t\t\t\t\t<\/div>\n\t\t\t\t\t\t\t\t\t<\/div>\n\t\t\t<\/div>\n\t\t\t\t\t<\/div>\n\t\t\t\t\t\t<\/div>\n\t\t\t\t<\/div>\n\t\t\t\t\t<\/div>\n\t\t\t\t<\/div>\n\t\t<div class=\"elementor-element elementor-element-548c620 e-flex e-con-boxed e-con e-child\" data-id=\"548c620\" data-element_type=\"container\">\n\t\t\t\t\t<div class=\"e-con-inner\">\n\t\t<div class=\"elementor-element elementor-element-33e555d e-con-full e-flex e-con e-child\" data-id=\"33e555d\" data-element_type=\"container\">\n\t\t\t\t<div class=\"elementor-element elementor-element-36622f1 elementor-widget elementor-widget-image\" data-id=\"36622f1\" data-element_type=\"widget\" data-widget_type=\"image.default\">\n\t\t\t\t<div class=\"elementor-widget-container\">\n\t\t\t\t\t\t\t\t\t\t\t\t\t\t\t<img loading=\"lazy\" decoding=\"async\" width=\"443\" height=\"266\" src=\"https:\/\/luislopezpiano.es\/wp-content\/uploads\/2024\/05\/luis-lopez-piano-clasico-espana-Premios-01.jpg\" class=\"attachment-1536x1536 size-1536x1536 wp-image-228\" alt=\"\" srcset=\"https:\/\/luislopezpiano.es\/wp-content\/uploads\/2024\/05\/luis-lopez-piano-clasico-espana-Premios-01.jpg 443w, https:\/\/luislopezpiano.es\/wp-content\/uploads\/2024\/05\/luis-lopez-piano-clasico-espana-Premios-01-300x180.jpg 300w\" sizes=\"(max-width: 443px) 100vw, 443px\" \/>\t\t\t\t\t\t\t\t\t\t\t\t\t\t\t<\/div>\n\t\t\t\t<\/div>\n\t\t\t\t<\/div>\n\t\t<div class=\"elementor-element elementor-element-a831d0b e-con-full e-flex e-con e-child\" data-id=\"a831d0b\" data-element_type=\"container\">\n\t\t\t\t<div class=\"elementor-element elementor-element-0a3566c elementor-widget elementor-widget-image\" data-id=\"0a3566c\" data-element_type=\"widget\" data-widget_type=\"image.default\">\n\t\t\t\t<div class=\"elementor-widget-container\">\n\t\t\t\t\t\t\t\t\t\t\t\t\t\t\t<img loading=\"lazy\" decoding=\"async\" width=\"443\" height=\"266\" src=\"https:\/\/luislopezpiano.es\/wp-content\/uploads\/2024\/05\/luis-lopez-piano-clasico-espana-Premios-01.jpg\" class=\"attachment-1536x1536 size-1536x1536 wp-image-228\" alt=\"\" srcset=\"https:\/\/luislopezpiano.es\/wp-content\/uploads\/2024\/05\/luis-lopez-piano-clasico-espana-Premios-01.jpg 443w, https:\/\/luislopezpiano.es\/wp-content\/uploads\/2024\/05\/luis-lopez-piano-clasico-espana-Premios-01-300x180.jpg 300w\" sizes=\"(max-width: 443px) 100vw, 443px\" \/>\t\t\t\t\t\t\t\t\t\t\t\t\t\t\t<\/div>\n\t\t\t\t<\/div>\n\t\t\t\t<\/div>\n\t\t<div class=\"elementor-element elementor-element-e9e69b7 e-con-full e-flex e-con e-child\" data-id=\"e9e69b7\" data-element_type=\"container\">\n\t\t\t\t<div class=\"elementor-element elementor-element-5d194a3 elementor-widget elementor-widget-image\" data-id=\"5d194a3\" data-element_type=\"widget\" data-widget_type=\"image.default\">\n\t\t\t\t<div class=\"elementor-widget-container\">\n\t\t\t\t\t\t\t\t\t\t\t\t\t\t\t<img loading=\"lazy\" decoding=\"async\" width=\"900\" height=\"900\" src=\"https:\/\/luislopezpiano.es\/wp-content\/uploads\/2024\/05\/AnagaClassics02c-1024x1024.png\" class=\"attachment-large size-large wp-image-223\" alt=\"\" srcset=\"https:\/\/luislopezpiano.es\/wp-content\/uploads\/2024\/05\/AnagaClassics02c-1024x1024.png 1024w, https:\/\/luislopezpiano.es\/wp-content\/uploads\/2024\/05\/AnagaClassics02c-300x300.png 300w, https:\/\/luislopezpiano.es\/wp-content\/uploads\/2024\/05\/AnagaClassics02c-150x150.png 150w, https:\/\/luislopezpiano.es\/wp-content\/uploads\/2024\/05\/AnagaClassics02c-768x768.png 768w, https:\/\/luislopezpiano.es\/wp-content\/uploads\/2024\/05\/AnagaClassics02c-1536x1536.png 1536w, https:\/\/luislopezpiano.es\/wp-content\/uploads\/2024\/05\/AnagaClassics02c.png 2000w\" sizes=\"(max-width: 900px) 100vw, 900px\" \/>\t\t\t\t\t\t\t\t\t\t\t\t\t\t\t<\/div>\n\t\t\t\t<\/div>\n\t\t\t\t<\/div>\n\t\t\t\t\t<\/div>\n\t\t\t\t<\/div>\n\t\t\t\t<div class=\"elementor-element elementor-element-a2a9dab elementor-widget elementor-widget-text-editor\" data-id=\"a2a9dab\" data-element_type=\"widget\" data-widget_type=\"text-editor.default\">\n\t\t\t\t<div class=\"elementor-widget-container\">\n\t\t\t\t\t\t\t\t\tSince 2023, he has been part of the roster of artists at Anaga Classics, with whom he recorded his first CD: Alb\u00e9niz &amp; Granados, Piano Works. This album was nominated for Best Classical Album at the 2023 Latin GRAMMYs and was selected to compete for a nomination in the Best Classical Instrumental Solo category the same year.\t\t\t\t\t\t\t\t<\/div>\n\t\t\t\t<\/div>\n\t\t\t\t<div class=\"elementor-element elementor-element-d417355 elementor-widget-divider--view-line elementor-widget elementor-widget-divider\" data-id=\"d417355\" data-element_type=\"widget\" data-widget_type=\"divider.default\">\n\t\t\t\t<div class=\"elementor-widget-container\">\n\t\t\t\t\t\t\t<div class=\"elementor-divider\">\n\t\t\t<span class=\"elementor-divider-separator\">\n\t\t\t\t\t\t<\/span>\n\t\t<\/div>\n\t\t\t\t\t\t<\/div>\n\t\t\t\t<\/div>\n\t\t\t\t<\/div>\n\t\t\t\t\t<\/div>\n\t\t\t\t<\/div>\n\t\t\t\t\t<\/div>\n\t\t\t\t<\/main>\n\t\t\t\t<\/div>","protected":false},"excerpt":{"rendered":"<p>BIO Luis L\u00f3pez, nacido en Santa Cruz de Tenerife en 1996, estudi\u00f3 piano en el Conservatorio Superior de M\u00fasica de Canarias. Continu\u00f3 su formaci\u00f3n musical de piano con Piotr Szychowski y m\u00fasica de c\u00e1mara con Michal Francuz en la Academia de M\u00fasica Ignacy Jan Paderewski en Poznan, Polonia, donde finaliz\u00f3 sus estudios de M\u00e1ster con &#8230; <a title=\"BIO\" class=\"read-more\" href=\"https:\/\/luislopezpiano.es\/en\/bio\/\" aria-label=\"Read more about BIO\">Read more<\/a><\/p>","protected":false},"author":1,"featured_media":64,"parent":0,"menu_order":0,"comment_status":"closed","ping_status":"closed","template":"elementor_canvas","meta":{"_acf_changed":false,"footnotes":""},"class_list":["post-17","page","type-page","status-publish","has-post-thumbnail"],"acf":[],"yoast_head":"<!-- This site is optimized with the Yoast SEO plugin v26.3 - https:\/\/yoast.com\/wordpress\/plugins\/seo\/ -->\n<title>BIO - Luis L\u00f3pez<\/title>\n<meta name=\"robots\" content=\"index, follow, max-snippet:-1, max-image-preview:large, max-video-preview:-1\" \/>\n<link rel=\"canonical\" href=\"https:\/\/luislopezpiano.es\/en\/bio\/\" \/>\n<meta property=\"og:locale\" content=\"en_GB\" \/>\n<meta property=\"og:type\" content=\"article\" \/>\n<meta property=\"og:title\" content=\"BIO - Luis L\u00f3pez\" \/>\n<meta property=\"og:description\" content=\"BIO Luis L\u00f3pez, nacido en Santa Cruz de Tenerife en 1996, estudi\u00f3 piano en el Conservatorio Superior de M\u00fasica de Canarias. Continu\u00f3 su formaci\u00f3n musical de piano con Piotr Szychowski y m\u00fasica de c\u00e1mara con Michal Francuz en la Academia de M\u00fasica Ignacy Jan Paderewski en Poznan, Polonia, donde finaliz\u00f3 sus estudios de M\u00e1ster con ... Read more\" \/>\n<meta property=\"og:url\" content=\"https:\/\/luislopezpiano.es\/en\/bio\/\" \/>\n<meta property=\"og:site_name\" content=\"Luis L\u00f3pez\" \/>\n<meta property=\"article:modified_time\" content=\"2025-05-17T12:20:34+00:00\" \/>\n<meta property=\"og:image\" content=\"https:\/\/luislopezpiano.es\/wp-content\/uploads\/2024\/03\/luis-lopez-piano-clasico-espana-Slides-Bio-01.jpg\" \/>\n\t<meta property=\"og:image:width\" content=\"2000\" \/>\n\t<meta property=\"og:image:height\" content=\"750\" \/>\n\t<meta property=\"og:image:type\" content=\"image\/jpeg\" \/>\n<meta name=\"twitter:card\" content=\"summary_large_image\" \/>\n<meta name=\"twitter:label1\" content=\"Estimated reading time\" \/>\n\t<meta name=\"twitter:data1\" content=\"3 minutes\" \/>\n<script type=\"application\/ld+json\" class=\"yoast-schema-graph\">{\"@context\":\"https:\/\/schema.org\",\"@graph\":[{\"@type\":\"WebPage\",\"@id\":\"https:\/\/luislopezpiano.es\/bio\/\",\"url\":\"https:\/\/luislopezpiano.es\/bio\/\",\"name\":\"BIO - Luis L\u00f3pez\",\"isPartOf\":{\"@id\":\"https:\/\/luislopezpiano.es\/#website\"},\"primaryImageOfPage\":{\"@id\":\"https:\/\/luislopezpiano.es\/bio\/#primaryimage\"},\"image\":{\"@id\":\"https:\/\/luislopezpiano.es\/bio\/#primaryimage\"},\"thumbnailUrl\":\"https:\/\/luislopezpiano.es\/wp-content\/uploads\/2024\/03\/luis-lopez-piano-clasico-espana-Slides-Bio-01.jpg\",\"datePublished\":\"2024-02-08T06:51:32+00:00\",\"dateModified\":\"2025-05-17T12:20:34+00:00\",\"breadcrumb\":{\"@id\":\"https:\/\/luislopezpiano.es\/bio\/#breadcrumb\"},\"inLanguage\":\"en-GB\",\"potentialAction\":[{\"@type\":\"ReadAction\",\"target\":[\"https:\/\/luislopezpiano.es\/bio\/\"]}]},{\"@type\":\"ImageObject\",\"inLanguage\":\"en-GB\",\"@id\":\"https:\/\/luislopezpiano.es\/bio\/#primaryimage\",\"url\":\"https:\/\/luislopezpiano.es\/wp-content\/uploads\/2024\/03\/luis-lopez-piano-clasico-espana-Slides-Bio-01.jpg\",\"contentUrl\":\"https:\/\/luislopezpiano.es\/wp-content\/uploads\/2024\/03\/luis-lopez-piano-clasico-espana-Slides-Bio-01.jpg\",\"width\":2000,\"height\":750},{\"@type\":\"BreadcrumbList\",\"@id\":\"https:\/\/luislopezpiano.es\/bio\/#breadcrumb\",\"itemListElement\":[{\"@type\":\"ListItem\",\"position\":1,\"name\":\"Portada\",\"item\":\"https:\/\/luislopezpiano.es\/\"},{\"@type\":\"ListItem\",\"position\":2,\"name\":\"BIO\"}]},{\"@type\":\"WebSite\",\"@id\":\"https:\/\/luislopezpiano.es\/#website\",\"url\":\"https:\/\/luislopezpiano.es\/\",\"name\":\"Luis L\u00f3pez\",\"description\":\"\",\"publisher\":{\"@id\":\"https:\/\/luislopezpiano.es\/#organization\"},\"potentialAction\":[{\"@type\":\"SearchAction\",\"target\":{\"@type\":\"EntryPoint\",\"urlTemplate\":\"https:\/\/luislopezpiano.es\/?s={search_term_string}\"},\"query-input\":{\"@type\":\"PropertyValueSpecification\",\"valueRequired\":true,\"valueName\":\"search_term_string\"}}],\"inLanguage\":\"en-GB\"},{\"@type\":\"Organization\",\"@id\":\"https:\/\/luislopezpiano.es\/#organization\",\"name\":\"Luis L\u00f3pez\",\"url\":\"https:\/\/luislopezpiano.es\/\",\"logo\":{\"@type\":\"ImageObject\",\"inLanguage\":\"en-GB\",\"@id\":\"https:\/\/luislopezpiano.es\/#\/schema\/logo\/image\/\",\"url\":\"https:\/\/luislopezpiano.es\/wp-content\/uploads\/2024\/08\/cropped-cropped-cropped-LOGO-1.jpg\",\"contentUrl\":\"https:\/\/luislopezpiano.es\/wp-content\/uploads\/2024\/08\/cropped-cropped-cropped-LOGO-1.jpg\",\"width\":512,\"height\":512,\"caption\":\"Luis L\u00f3pez\"},\"image\":{\"@id\":\"https:\/\/luislopezpiano.es\/#\/schema\/logo\/image\/\"}}]}<\/script>\n<!-- \/ Yoast SEO plugin. -->","yoast_head_json":{"title":"BIO - Luis L\u00f3pez","robots":{"index":"index","follow":"follow","max-snippet":"max-snippet:-1","max-image-preview":"max-image-preview:large","max-video-preview":"max-video-preview:-1"},"canonical":"https:\/\/luislopezpiano.es\/en\/bio\/","og_locale":"en_GB","og_type":"article","og_title":"BIO - Luis L\u00f3pez","og_description":"BIO Luis L\u00f3pez, nacido en Santa Cruz de Tenerife en 1996, estudi\u00f3 piano en el Conservatorio Superior de M\u00fasica de Canarias. Continu\u00f3 su formaci\u00f3n musical de piano con Piotr Szychowski y m\u00fasica de c\u00e1mara con Michal Francuz en la Academia de M\u00fasica Ignacy Jan Paderewski en Poznan, Polonia, donde finaliz\u00f3 sus estudios de M\u00e1ster con ... Read more","og_url":"https:\/\/luislopezpiano.es\/en\/bio\/","og_site_name":"Luis L\u00f3pez","article_modified_time":"2025-05-17T12:20:34+00:00","og_image":[{"width":2000,"height":750,"url":"https:\/\/luislopezpiano.es\/wp-content\/uploads\/2024\/03\/luis-lopez-piano-clasico-espana-Slides-Bio-01.jpg","type":"image\/jpeg"}],"twitter_card":"summary_large_image","twitter_misc":{"Estimated reading time":"3 minutes"},"schema":{"@context":"https:\/\/schema.org","@graph":[{"@type":"WebPage","@id":"https:\/\/luislopezpiano.es\/bio\/","url":"https:\/\/luislopezpiano.es\/bio\/","name":"BIO - Luis L\u00f3pez","isPartOf":{"@id":"https:\/\/luislopezpiano.es\/#website"},"primaryImageOfPage":{"@id":"https:\/\/luislopezpiano.es\/bio\/#primaryimage"},"image":{"@id":"https:\/\/luislopezpiano.es\/bio\/#primaryimage"},"thumbnailUrl":"https:\/\/luislopezpiano.es\/wp-content\/uploads\/2024\/03\/luis-lopez-piano-clasico-espana-Slides-Bio-01.jpg","datePublished":"2024-02-08T06:51:32+00:00","dateModified":"2025-05-17T12:20:34+00:00","breadcrumb":{"@id":"https:\/\/luislopezpiano.es\/bio\/#breadcrumb"},"inLanguage":"en-GB","potentialAction":[{"@type":"ReadAction","target":["https:\/\/luislopezpiano.es\/bio\/"]}]},{"@type":"ImageObject","inLanguage":"en-GB","@id":"https:\/\/luislopezpiano.es\/bio\/#primaryimage","url":"https:\/\/luislopezpiano.es\/wp-content\/uploads\/2024\/03\/luis-lopez-piano-clasico-espana-Slides-Bio-01.jpg","contentUrl":"https:\/\/luislopezpiano.es\/wp-content\/uploads\/2024\/03\/luis-lopez-piano-clasico-espana-Slides-Bio-01.jpg","width":2000,"height":750},{"@type":"BreadcrumbList","@id":"https:\/\/luislopezpiano.es\/bio\/#breadcrumb","itemListElement":[{"@type":"ListItem","position":1,"name":"Portada","item":"https:\/\/luislopezpiano.es\/"},{"@type":"ListItem","position":2,"name":"BIO"}]},{"@type":"WebSite","@id":"https:\/\/luislopezpiano.es\/#website","url":"https:\/\/luislopezpiano.es\/","name":"Luis L\u00f3pez","description":"","publisher":{"@id":"https:\/\/luislopezpiano.es\/#organization"},"potentialAction":[{"@type":"SearchAction","target":{"@type":"EntryPoint","urlTemplate":"https:\/\/luislopezpiano.es\/?s={search_term_string}"},"query-input":{"@type":"PropertyValueSpecification","valueRequired":true,"valueName":"search_term_string"}}],"inLanguage":"en-GB"},{"@type":"Organization","@id":"https:\/\/luislopezpiano.es\/#organization","name":"Luis L\u00f3pez","url":"https:\/\/luislopezpiano.es\/","logo":{"@type":"ImageObject","inLanguage":"en-GB","@id":"https:\/\/luislopezpiano.es\/#\/schema\/logo\/image\/","url":"https:\/\/luislopezpiano.es\/wp-content\/uploads\/2024\/08\/cropped-cropped-cropped-LOGO-1.jpg","contentUrl":"https:\/\/luislopezpiano.es\/wp-content\/uploads\/2024\/08\/cropped-cropped-cropped-LOGO-1.jpg","width":512,"height":512,"caption":"Luis L\u00f3pez"},"image":{"@id":"https:\/\/luislopezpiano.es\/#\/schema\/logo\/image\/"}}]}},"_links":{"self":[{"href":"https:\/\/luislopezpiano.es\/en\/wp-json\/wp\/v2\/pages\/17","targetHints":{"allow":["GET"]}}],"collection":[{"href":"https:\/\/luislopezpiano.es\/en\/wp-json\/wp\/v2\/pages"}],"about":[{"href":"https:\/\/luislopezpiano.es\/en\/wp-json\/wp\/v2\/types\/page"}],"author":[{"embeddable":true,"href":"https:\/\/luislopezpiano.es\/en\/wp-json\/wp\/v2\/users\/1"}],"replies":[{"embeddable":true,"href":"https:\/\/luislopezpiano.es\/en\/wp-json\/wp\/v2\/comments?post=17"}],"version-history":[{"count":91,"href":"https:\/\/luislopezpiano.es\/en\/wp-json\/wp\/v2\/pages\/17\/revisions"}],"predecessor-version":[{"id":992,"href":"https:\/\/luislopezpiano.es\/en\/wp-json\/wp\/v2\/pages\/17\/revisions\/992"}],"wp:featuredmedia":[{"embeddable":true,"href":"https:\/\/luislopezpiano.es\/en\/wp-json\/wp\/v2\/media\/64"}],"wp:attachment":[{"href":"https:\/\/luislopezpiano.es\/en\/wp-json\/wp\/v2\/media?parent=17"}],"curies":[{"name":"wp","href":"https:\/\/api.w.org\/{rel}","templated":true}]}}